{"id":24,"date":"2017-02-15T15:11:41","date_gmt":"2017-02-15T17:11:41","guid":{"rendered":"http:\/\/escritoriocontabilvieira.com.br\/novo\/?page_id=24"},"modified":"2017-02-15T15:12:47","modified_gmt":"2017-02-15T17:12:47","slug":"quem-somos","status":"publish","type":"page","link":"https:\/\/escritoriocontabilvieira.com.br\/novo\/quem-somos\/","title":{"rendered":"Quem Somos"},"content":{"rendered":"<p>Ao longo de seus 41 anos de exist\u00eancia, formada por uma equipe din\u00e2mica, experiente e eficiente, cujo principal objetivo \u00e9 estar sempre cumprindo suas metas com os clientes, prestando servi\u00e7os na \u00e1rea cont\u00e1bil, administra\u00e7\u00e3o de pessoal, legaliza\u00e7\u00e3o de firmas junto \u00e0s reparti\u00e7\u00f5es p\u00fablicas, federais, estaduais, municipais e inclusive nas declara\u00e7\u00f5es de Imposto de Renda tanto f\u00edsica como jur\u00eddica e assim oferecendo o mais completo servi\u00e7o cont\u00e1bil, dando o melhor suporte ao cliente.<\/p>\n<p><img decoding=\"async\" loading=\"lazy\" class=\"alignnone wp-image-25 size-full\" src=\"http:\/\/escritoriocontabilvieira.com.br\/novo\/wp-content\/uploads\/2017\/02\/texto.png\" width=\"990\" height=\"160\" srcset=\"https:\/\/escritoriocontabilvieira.com.br\/novo\/wp-content\/uploads\/2017\/02\/texto.png 990w, https:\/\/escritoriocontabilvieira.com.br\/novo\/wp-content\/uploads\/2017\/02\/texto-300x48.png 300w, https:\/\/escritoriocontabilvieira.com.br\/novo\/wp-content\/uploads\/2017\/02\/texto-768x124.png 768w\" sizes=\"(max-width: 990px) 100vw, 990px\" \/><\/p>\n","protected":false},"excerpt":{"rendered":"<p>Ao longo de seus 41 anos de exist\u00eancia, formada por uma equipe din\u00e2mica, experiente e eficiente, cujo principal objetivo \u00e9 estar sempre cumprindo suas metas com os clientes, prestando servi\u00e7os na \u00e1rea cont\u00e1bil, administra\u00e7\u00e3o de pessoal, legaliza\u00e7\u00e3o de firmas junto \u00e0s reparti\u00e7\u00f5es p\u00fablicas, federais, estaduais, municipais e inclusive nas declara\u00e7\u00f5es de Imposto de Renda tanto <a href=\"https:\/\/escritoriocontabilvieira.com.br\/novo\/quem-somos\/\" rel=\"nofollow\"><span class=\"sr-only\">Leia mais sobreQuem Somos<\/span>[&#8230;]<\/a><\/p>\n","protected":false},"author":1,"featured_media":0,"parent":0,"menu_order":0,"comment_status":"closed","ping_status":"closed","template":"template-fullwidth.php","meta":[],"_links":{"self":[{"href":"https:\/\/escritoriocontabilvieira.com.br\/novo\/wp-json\/wp\/v2\/pages\/24"}],"collection":[{"href":"https:\/\/escritoriocontabilvieira.com.br\/novo\/wp-json\/wp\/v2\/pages"}],"about":[{"href":"https:\/\/escritoriocontabilvieira.com.br\/novo\/wp-json\/wp\/v2\/types\/page"}],"author":[{"embeddable":true,"href":"https:\/\/escritoriocontabilvieira.com.br\/novo\/wp-json\/wp\/v2\/users\/1"}],"replies":[{"embeddable":true,"href":"https:\/\/escritoriocontabilvieira.com.br\/novo\/wp-json\/wp\/v2\/comments?post=24"}],"version-history":[{"count":0,"href":"https:\/\/escritoriocontabilvieira.com.br\/novo\/wp-json\/wp\/v2\/pages\/24\/revisions"}],"wp:attachment":[{"href":"https:\/\/escritoriocontabilvieira.com.br\/novo\/wp-json\/wp\/v2\/media?parent=24"}],"curies":[{"name":"wp","href":"https:\/\/api.w.org\/{rel}","templated":true}]}}