{"id":35,"date":"2017-02-15T15:30:44","date_gmt":"2017-02-15T17:30:44","guid":{"rendered":"http:\/\/escritoriocontabilvieira.com.br\/novo\/?page_id=35"},"modified":"2017-02-16T11:28:03","modified_gmt":"2017-02-16T13:28:03","slug":"35-2","status":"publish","type":"page","link":"https:\/\/escritoriocontabilvieira.com.br\/novo\/35-2\/","title":{"rendered":"Servi\u00e7os"},"content":{"rendered":"<p>\u2022 LEGALIZA\u00c7\u00c3O DE FIRMAS E AUT\u00d4NOMOS.<br \/>\n\u2022 DISTRATO SOCIAL<br \/>\n\u2022 ASSESSORIA NAS \u00c1REAS CONT\u00c1BIL<br \/>\n\u2022 FISCAL<br \/>\n\u2022 TRIBUT\u00c1RIA<br \/>\n\u2022 RH<br \/>\n\u2022 CONTRATO<br \/>\n\u2022 IMPOSTO DE RENDA PESSOA F\u00cdSICA E JUR\u00cdDICA<br \/>\n\u2022 ALTERA\u00c7\u00c3O<br \/>\n\u2022 FOLHA DE PAGAMENTO DE FUNCION\u00c1RIOS DOM\u00c9STICOS.<\/p>\n","protected":false},"excerpt":{"rendered":"<p>\u2022 LEGALIZA\u00c7\u00c3O DE FIRMAS E AUT\u00d4NOMOS. \u2022 DISTRATO SOCIAL \u2022 ASSESSORIA NAS \u00c1REAS CONT\u00c1BIL \u2022 FISCAL \u2022 TRIBUT\u00c1RIA \u2022 RH \u2022 CONTRATO \u2022 IMPOSTO DE RENDA PESSOA F\u00cdSICA E JUR\u00cdDICA \u2022 ALTERA\u00c7\u00c3O \u2022 FOLHA DE PAGAMENTO DE FUNCION\u00c1RIOS DOM\u00c9STICOS.<\/p>\n","protected":false},"author":1,"featured_media":0,"parent":0,"menu_order":0,"comment_status":"closed","ping_status":"closed","template":"template-fullwidth.php","meta":[],"_links":{"self":[{"href":"https:\/\/escritoriocontabilvieira.com.br\/novo\/wp-json\/wp\/v2\/pages\/35"}],"collection":[{"href":"https:\/\/escritoriocontabilvieira.com.br\/novo\/wp-json\/wp\/v2\/pages"}],"about":[{"href":"https:\/\/escritoriocontabilvieira.com.br\/novo\/wp-json\/wp\/v2\/types\/page"}],"author":[{"embeddable":true,"href":"https:\/\/escritoriocontabilvieira.com.br\/novo\/wp-json\/wp\/v2\/users\/1"}],"replies":[{"embeddable":true,"href":"https:\/\/escritoriocontabilvieira.com.br\/novo\/wp-json\/wp\/v2\/comments?post=35"}],"version-history":[{"count":0,"href":"https:\/\/escritoriocontabilvieira.com.br\/novo\/wp-json\/wp\/v2\/pages\/35\/revisions"}],"wp:attachment":[{"href":"https:\/\/escritoriocontabilvieira.com.br\/novo\/wp-json\/wp\/v2\/media?parent=35"}],"curies":[{"name":"wp","href":"https:\/\/api.w.org\/{rel}","templated":true}]}}